{"id":450,"date":"2023-09-27T17:35:48","date_gmt":"2023-09-27T15:35:48","guid":{"rendered":"https:\/\/blaue-chronik.176-96-136-90.plesk.page\/?page_id=450"},"modified":"2024-01-17T16:01:36","modified_gmt":"2024-01-17T15:01:36","slug":"agb","status":"publish","type":"page","link":"https:\/\/neue-wege-konzepte.de\/fr_fr\/agb\/","title":{"rendered":"AGB"},"content":{"rendered":"<div data-elementor-type=\"wp-page\" data-elementor-id=\"450\" class=\"elementor elementor-450\" data-elementor-post-type=\"page\">\n\t\t\t\t\t\t<section class=\"elementor-section elementor-top-section elementor-element elementor-element-87b45ea elementor-section-height-min-height elementor-section-boxed elementor-section-height-default elementor-section-items-middle\" data-id=\"87b45ea\" data-element_type=\"section\" data-settings=\"{&quot;background_background&quot;:&quot;classic&quot;}\">\n\t\t\t\t\t\t<div class=\"elementor-container elementor-column-gap-default\">\n\t\t\t\t\t<div class=\"elementor-column elementor-col-100 elementor-top-column elementor-element elementor-element-0a821ae\" data-id=\"0a821ae\" data-element_type=\"column\">\n\t\t\t<div class=\"elementor-widget-wrap\">\n\t\t\t\t\t\t\t<\/div>\n\t\t<\/div>\n\t\t\t\t\t<\/div>\n\t\t<\/section>\n\t\t\t\t<section class=\"elementor-section elementor-top-section elementor-element elementor-element-d1660fd elementor-section-full_width elementor-section-height-default elementor-section-height-default\" data-id=\"d1660fd\" data-element_type=\"section\">\n\t\t\t\t\t\t<div class=\"elementor-container elementor-column-gap-default\">\n\t\t\t\t\t<div class=\"elementor-column elementor-col-100 elementor-top-column elementor-element elementor-element-17ba644\" data-id=\"17ba644\" data-element_type=\"column\">\n\t\t\t<div class=\"elementor-widget-wrap elementor-element-populated\">\n\t\t\t\t\t\t<div class=\"elementor-element elementor-element-4589f70 elementor-widget elementor-widget-text-editor\" data-id=\"4589f70\" data-element_type=\"widget\" data-widget_type=\"text-editor.default\">\n\t\t\t\t<div class=\"elementor-widget-container\">\n\t\t\t\t\t\t\t\t\t<h2>Allgemeine Gesch\u00e4ftsbedingungen &#8222;Neue Wege &amp; Konzepte\u201c<\/h2><h2>f\u00fcr G\u00e4stef\u00fchrungen und Wanderungen <\/h2>\t\t\t\t\t\t\t\t<\/div>\n\t\t\t\t<\/div>\n\t\t\t\t\t<\/div>\n\t\t<\/div>\n\t\t\t\t\t<\/div>\n\t\t<\/section>\n\t\t\t\t<section class=\"elementor-section elementor-top-section elementor-element elementor-element-89b1e2a elementor-section-boxed elementor-section-height-default elementor-section-height-default\" data-id=\"89b1e2a\" data-element_type=\"section\">\n\t\t\t\t\t\t<div class=\"elementor-container elementor-column-gap-default\">\n\t\t\t\t\t<div class=\"elementor-column elementor-col-100 elementor-top-column elementor-element elementor-element-af4b7b0\" data-id=\"af4b7b0\" data-element_type=\"column\">\n\t\t\t<div class=\"elementor-widget-wrap elementor-element-populated\">\n\t\t\t\t\t\t<div class=\"elementor-element elementor-element-4099583 elementor-widget elementor-widget-text-editor\" data-id=\"4099583\" data-element_type=\"widget\" data-widget_type=\"text-editor.default\">\n\t\t\t\t<div class=\"elementor-widget-container\">\n\t\t\t\t\t\t\t\t\t<p>Bei Buchung einer G\u00e4stef\u00fchrung oder Wanderung (nachfolgend Tour genannt) bei \u201eNeue Wege &amp; Konzepte\u201c gelten die folgenden Allgemeine Gesch\u00e4ftsbedingungen (AGB)<\/p><ol><li>Die auf der Homepage <a href=\"https:\/\/neue-wege-konzepte.de\/fr_fr\/\">www.<\/a><a href=\"https:\/\/neue-wege-konzepte.de\/fr_fr\/\">neue-wege-konzepte.de<\/a> (im folgenden GF genannt) aufgef\u00fchrten Touren werden auf der Grundlage dieser Allgemeinen Gesch\u00e4ftsbedingungen angeboten und erbracht.<\/li><li>Der Dienstvertrag zur Tour kommt im Regelfall durch schriftliche Best\u00e4tigung des GF, des G\u00e4stef\u00fchrervereins oder der jeweiligen Tourist Information als Vermittler im Auftrag des vermittelten GF zustande. Mit der Buchung erkl\u00e4rt der Kunde auch sein Einverst\u00e4ndnis zu den hier aufgef\u00fchrten Allgemeinen Gesch\u00e4ftsbedingungen.<\/li><li>Der GF ist berechtigt, die angebotenen Touren an ge\u00e4nderte Rahmenbedingungen, wie zum Beispiel die Gruppengr\u00f6\u00dfe, Witterungsbedingungen, Jahreszeiten und \u00d6ffnungszeiten der Besichtigungsorte anzupassen.<\/li><li>Die H\u00f6he des Honorars ist in der Best\u00e4tigung schriftlich fixiert und versteht sich exklusive Umsatzsteuer. Aufgrund des Kleinunternehmerstatus gem. \u00a7 19 UStG erhebe ich keine Umsatzsteuer. Diese wird auf den Rechnungen daher auch nicht separat ausgewiesen.<\/li><\/ol><p>\u00a0\u00a0\u00a0\u00a0\u00a0\u00a0\u00a0\u00a0\u00a0 Das Honorar \u00fcberweisen Sie bitte vor Antritt der Tour oder zahlen es bar gegen Quittung beim Tourguide.<\/p><ol start=\"5\"><li>Die Stornierung einer gebuchten Tour durch den Kunden muss schriftlich erkl\u00e4rt werden per Email an <a href=\"mailto:birgit@neue-wege-konzepte.de\">birgit@neue-wege-konzepte.de<\/a>. Bei Stornierung einer gebuchten Tour\u00a0durch den Kunden bzw. bei Nichterscheinen werden nachfolgend genannte pauschalisierte Geb\u00fchren f\u00e4llig:<\/li><\/ol><ul><li>Bis zum 14. Tag vor der Tour: keine Stornierungsgeb\u00fchren\u00a0<\/li><li>Ab dem 14. Tag vor der Tour 30% des Buchungsbetrages.<\/li><li>Ab dem 7.Tag vor der Tour 50 % des Buchungsbetrages<\/li><li>Ab dem 3.Tag vor der Tour 70 % des Buchungsbetrages<\/li><li>Am Tag der Tour vor Tourstart 90% des Buchungsbetrages<\/li><li>Bei Nichterscheinen des Kunden, also oder bei einer Stornierung nach dem vereinbarten Startzeitpunkt der Tour 100% des Buchungsbetrages.<\/li><\/ul><p>\u00a0\u00a0\u00a0\u00a0\u00a0\u00a0\u00a0\u00a0\u00a0 Bis zum Vortag der Tour, 18h, kann die Tour kostenfrei auf einen anderen verf\u00fcgbaren Termin umgebucht werden.<\/p><p>\u00a0\u00a0\u00a0\u00a0\u00a0\u00a0\u00a0\u00a0\u00a0 Dem Kunden bleibt f\u00fcr die Stornierungsgeb\u00fchren der Nachweis vorbehalten, dass kein oder ein geringerer Schaden entstanden ist.<\/p><ol start=\"6\"><li>Der GF hat das Recht, eine gebuchte Tour zu stornieren, im Einzelfall bis 24 Std. vor der Durchf\u00fchrung, wenn eine ggf. erforderliche und ausgeschriebene Mindestteilnehmerzahl nicht zustande kommt, und bis zum Tourstart, wenn der GF erkrankt ist oder die Wetterbedingungen die Tourdurchf\u00fchrung gef\u00e4hrden. Der Buchungsbetrag wird in diesem Falle nicht erhoben und bereits bezahlte Betr\u00e4ge werden vollst\u00e4ndig zur\u00fcckerstattet.<\/li><\/ol><p>\u00a0<\/p><p>Sollte eine Tour aus unvorhersehbaren Gr\u00fcnden, wie z.B. durch h\u00f6here Gewalt, Ungl\u00fcck, Witterungsbedingungen etc. w\u00e4hrend ihrer Durchf\u00fchrung abgebrochen werden m\u00fcssen, so erh\u00e4lt der Kunde 50 % der geleisteten Bezahlung erstattet. Im Falle eines Abruchs der Tour durch den Kunden hat dieser kein Recht auf Erstattung des Buchungsbetrages.<\/p><ol start=\"7\"><li>Wenn in der Tourenbeschreibungen nichts anderes explizit erw\u00e4hnt ist, sind die Touren leider nicht barrierefrei.<\/li><li>Der GF f\u00fchrt alle Touren stets auf eigene Gefahr durch. Die Haftung des GF und seiner Erf\u00fcllungs- oder Verrichtungsgehilfen bezieht sich auf die vereinbarten Leistungen und ist f\u00fcr Sch\u00e4den, die nicht K\u00f6rpersch\u00e4den sind, ausgeschlossen, soweit sie nicht vors\u00e4tzlich oder grob fahrl\u00e4ssig verursacht wurden.<\/li><\/ol><p>\u00a0<\/p><p>\u00dcber die Mitgliedschaft in der \u201eIG S\u00fcdpfalz G\u00e4stef\u00fchrer &#8211; grenzenlos\u201c besteht \u00fcber den Bundesverband der G\u00e4stef\u00fchrer in Deutschland e.V. eine Berufshaftpflichtversicherung sowie eine Verm\u00f6gensschadenhaftpflichtversicherung.Die Haftung ist begrenzt auf maximal die H\u00f6he des Versicherungsschutzes im Rahmen dieser Versicherungen.<\/p><p>Weitere Informationen hierzu finden Sie unter <a href=\"http:\/\/www.bvgd.org\/\">www.bvgd.org<\/a><\/p><ol start=\"9\"><li>Datenschutz \u00a0 \u00a0 \u00a0 \u00a0 \u00a0 \u00a0 \u00a0 \u00a0 \u00a0 \u00a0 \u00a0 \u00a0 \u00a0 \u00a0 \u00a0 \u00a0 \u00a0 \u00a0 \u00a0 \u00a0 \u00a0 \u00a0 \u00a0 \u00a0 \u00a0 \u00a0 \u00a0 \u00a0 \u00a0 \u00a0 \u00a0 \u00a0 \u00a0 \u00a0 \u00a0 \u00a0 \u00a0 \u00a0 \u00a0 \u00a0 \u00a0 \u00a0 \u00a0 \u00a0 \u00a0 \u00a0 \u00a0 \u00a0 \u00a0 \u00a0 \u00a0 \u00a0 \u00a0 \u00a0 \u00a0 \u00a0 \u00a0 \u00a0 \u00a0 \u00a0 \u00a0 \u00a0 \u00a0 \u00a0 \u00a0 \u00a0 \u00a0 \u00a0 \u00a0 \u00a0 \u00a0 \u00a0 \u00a0 \u00a0 \u00a0 \u00a0 \u00a0 \u00a0 \u00a0 \u00a0 \u00a0 \u00a0 \u00a0 \u00a0 \u00a0 \u00a0 \u00a0 \u00a0 \u00a0 \u00a0 \u00a0 \u00a0 \u00a0 \u00a0 \u00a0 \u00a0 \u00a0 \u00a0 \u00a0 \u00a0 \u00a0 \u00a0 \u00a0 \u00a0 \u00a0 \u00a0 \u00a0 \u00a0 \u00a0 \u00a0 \u00a0 \u00a0 \u00a0 \u00a0 \u00a0 \u00a0 \u00a0 \u00a0 \u00a0 \u00a0 \u00a0 \u00a0 Die Datenschutzerkl\u00e4rung von \u201eNeue Wege &amp; und Konzepte\u201c k\u00f6nnen Sie unter der folgenden Adresse einsehen: __\u00a0 (hier der interne Link)<\/li><li>M\u00f6gliche Auseinandersetzungen diesen Vertrag betreffend unterliegen dem deutschen Recht.<\/li><li>Salvatorische Klausel\u00a0\u00a0\u00a0\u00a0\u00a0\u00a0\u00a0\u00a0\u00a0\u00a0\u00a0\u00a0\u00a0\u00a0\u00a0\u00a0\u00a0\u00a0\u00a0\u00a0\u00a0\u00a0\u00a0\u00a0\u00a0\u00a0\u00a0\u00a0\u00a0\u00a0\u00a0\u00a0\u00a0\u00a0\u00a0\u00a0\u00a0\u00a0\u00a0\u00a0\u00a0\u00a0\u00a0\u00a0\u00a0\u00a0\u00a0\u00a0\u00a0\u00a0\u00a0\u00a0\u00a0\u00a0\u00a0\u00a0\u00a0\u00a0\u00a0\u00a0\u00a0\u00a0\u00a0\u00a0\u00a0\u00a0\u00a0\u00a0\u00a0\u00a0\u00a0\u00a0\u00a0\u00a0\u00a0\u00a0\u00a0\u00a0\u00a0\u00a0\u00a0\u00a0\u00a0\u00a0\u00a0\u00a0\u00a0\u00a0\u00a0\u00a0\u00a0\u00a0\u00a0\u00a0\u00a0\u00a0\u00a0\u00a0\u00a0\u00a0\u00a0\u00a0\u00a0\u00a0\u00a0\u00a0\u00a0\u00a0\u00a0\u00a0\u00a0\u00a0\u00a0\u00a0\u00a0\u00a0\u00a0\u00a0\u00a0\u00a0\u00a0\u00a0\u00a0\u00a0\u00a0\u00a0\u00a0\u00a0\u00a0\u00a0\u00a0\u00a0\u00a0\u00a0\u00a0\u00a0\u00a0\u00a0\u00a0\u00a0\u00a0\u00a0\u00a0\u00a0\u00a0\u00a0\u00a0\u00a0\u00a0\u00a0\u00a0\u00a0\u00a0\u00a0\u00a0\u00a0\u00a0\u00a0\u00a0\u00a0\u00a0\u00a0\u00a0\u00a0\u00a0\u00a0\u00a0\u00a0\u00a0\u00a0\u00a0\u00a0\u00a0\u00a0\u00a0\u00a0\u00a0\u00a0\u00a0\u00a0\u00a0\u00a0\u00a0\u00a0\u00a0\u00a0\u00a0\u00a0\u00a0\u00a0\u00a0\u00a0\u00a0\u00a0\u00a0\u00a0\u00a0\u00a0\u00a0\u00a0\u00a0\u00a0\u00a0\u00a0\u00a0\u00a0\u00a0\u00a0\u00a0\u00a0\u00a0\u00a0\u00a0\u00a0\u00a0\u00a0\u00a0\u00a0\u00a0\u00a0\u00a0\u00a0\u00a0\u00a0\u00a0\u00a0\u00a0\u00a0\u00a0\u00a0\u00a0\u00a0\u00a0 Die Unwirksamkeit einzelner Bestimmungen hat nicht die Unwirksamkeit des ganzen Vertrages zur Folge. An die Stelle unwirksamer Bestimmungen treten in diesem Fall die gesetzlichen Vorschriften.<\/li><li>Die AGB zum Download finden Sie hier ________________<\/li><\/ol>\t\t\t\t\t\t\t\t<\/div>\n\t\t\t\t<\/div>\n\t\t\t\t\t<\/div>\n\t\t<\/div>\n\t\t\t\t\t<\/div>\n\t\t<\/section>\n\t\t\t\t<\/div>","protected":false},"excerpt":{"rendered":"<p>Allgemeine Gesch\u00e4ftsbedingungen &#8222;Neue Wege &amp; Konzepte\u201c f\u00fcr G\u00e4stef\u00fchrungen und Wanderungen Bei Buchung einer G\u00e4stef\u00fchrung oder Wanderung (nachfolgend Tour genannt) bei \u201eNeue Wege &amp; Konzepte\u201c gelten die folgenden Allgemeine Gesch\u00e4ftsbedingungen (AGB) Die auf der Homepage www.neue-wege-konzepte.de (im folgenden GF genannt) aufgef\u00fchrten Touren werden auf der Grundlage dieser Allgemeinen Gesch\u00e4ftsbedingungen angeboten und erbracht. Der Dienstvertrag zur Tour [&hellip;]<\/p>","protected":false},"author":1,"featured_media":0,"parent":0,"menu_order":0,"comment_status":"closed","ping_status":"closed","template":"","meta":{"footnotes":""},"class_list":["post-450","page","type-page","status-publish","hentry"],"yoast_head":"<!-- This site is optimized with the Yoast SEO plugin v26.4 - https:\/\/yoast.com\/wordpress\/plugins\/seo\/ -->\n<title>AGB - Neue-Wege-Konzepte<\/title>\n<meta name=\"robots\" content=\"index, follow, max-snippet:-1, max-image-preview:large, max-video-preview:-1\" \/>\n<link rel=\"canonical\" href=\"https:\/\/neue-wege-konzepte.de\/fr_fr\/agb\/\" \/>\n<meta property=\"og:locale\" content=\"fr_FR\" \/>\n<meta property=\"og:type\" content=\"article\" \/>\n<meta property=\"og:title\" content=\"AGB - Neue-Wege-Konzepte\" \/>\n<meta property=\"og:description\" content=\"Allgemeine Gesch\u00e4ftsbedingungen &#8222;Neue Wege &amp; Konzepte\u201c f\u00fcr G\u00e4stef\u00fchrungen und Wanderungen Bei Buchung einer G\u00e4stef\u00fchrung oder Wanderung (nachfolgend Tour genannt) bei \u201eNeue Wege &amp; Konzepte\u201c gelten die folgenden Allgemeine Gesch\u00e4ftsbedingungen (AGB) Die auf der Homepage www.neue-wege-konzepte.de (im folgenden GF genannt) aufgef\u00fchrten Touren werden auf der Grundlage dieser Allgemeinen Gesch\u00e4ftsbedingungen angeboten und erbracht. Der Dienstvertrag zur Tour [&hellip;]\" \/>\n<meta property=\"og:url\" content=\"https:\/\/neue-wege-konzepte.de\/fr_fr\/agb\/\" \/>\n<meta property=\"og:site_name\" content=\"Neue-Wege-Konzepte\" \/>\n<meta property=\"article:modified_time\" content=\"2024-01-17T15:01:36+00:00\" \/>\n<meta name=\"twitter:card\" content=\"summary_large_image\" \/>\n<meta name=\"twitter:label1\" content=\"Dur\u00e9e de lecture estim\u00e9e\" \/>\n\t<meta name=\"twitter:data1\" content=\"4 minutes\" \/>\n<script type=\"application\/ld+json\" class=\"yoast-schema-graph\">{\"@context\":\"https:\/\/schema.org\",\"@graph\":[{\"@type\":\"WebPage\",\"@id\":\"https:\/\/neue-wege-konzepte.de\/agb\/\",\"url\":\"https:\/\/neue-wege-konzepte.de\/agb\/\",\"name\":\"AGB - Neue-Wege-Konzepte\",\"isPartOf\":{\"@id\":\"https:\/\/neue-wege-konzepte.de\/#website\"},\"datePublished\":\"2023-09-27T15:35:48+00:00\",\"dateModified\":\"2024-01-17T15:01:36+00:00\",\"breadcrumb\":{\"@id\":\"https:\/\/neue-wege-konzepte.de\/agb\/#breadcrumb\"},\"inLanguage\":\"fr-FR\",\"potentialAction\":[{\"@type\":\"ReadAction\",\"target\":[\"https:\/\/neue-wege-konzepte.de\/agb\/\"]}]},{\"@type\":\"BreadcrumbList\",\"@id\":\"https:\/\/neue-wege-konzepte.de\/agb\/#breadcrumb\",\"itemListElement\":[{\"@type\":\"ListItem\",\"position\":1,\"name\":\"Startseite\",\"item\":\"https:\/\/neue-wege-konzepte.de\/\"},{\"@type\":\"ListItem\",\"position\":2,\"name\":\"AGB\"}]},{\"@type\":\"WebSite\",\"@id\":\"https:\/\/neue-wege-konzepte.de\/#website\",\"url\":\"https:\/\/neue-wege-konzepte.de\/\",\"name\":\"Neue-Wege-Konzepte\",\"description\":\"Wandererlebnisse &amp; City-Touren - S\u00fcdpfalz, Karlsruhe, Elsass\",\"publisher\":{\"@id\":\"https:\/\/neue-wege-konzepte.de\/#organization\"},\"potentialAction\":[{\"@type\":\"SearchAction\",\"target\":{\"@type\":\"EntryPoint\",\"urlTemplate\":\"https:\/\/neue-wege-konzepte.de\/?s={search_term_string}\"},\"query-input\":{\"@type\":\"PropertyValueSpecification\",\"valueRequired\":true,\"valueName\":\"search_term_string\"}}],\"inLanguage\":\"fr-FR\"},{\"@type\":\"Organization\",\"@id\":\"https:\/\/neue-wege-konzepte.de\/#organization\",\"name\":\"Neue-Wege-Konzepte\",\"url\":\"https:\/\/neue-wege-konzepte.de\/\",\"logo\":{\"@type\":\"ImageObject\",\"inLanguage\":\"fr-FR\",\"@id\":\"https:\/\/neue-wege-konzepte.de\/#\/schema\/logo\/image\/\",\"url\":\"https:\/\/neue-wege-konzepte.de\/wp-content\/uploads\/2024\/05\/cropped-logo-scaled-1.jpg\",\"contentUrl\":\"https:\/\/neue-wege-konzepte.de\/wp-content\/uploads\/2024\/05\/cropped-logo-scaled-1.jpg\",\"width\":2560,\"height\":730,\"caption\":\"Neue-Wege-Konzepte\"},\"image\":{\"@id\":\"https:\/\/neue-wege-konzepte.de\/#\/schema\/logo\/image\/\"}}]}<\/script>\n<!-- \/ Yoast SEO plugin. -->","yoast_head_json":{"title":"AGB - Neue-Wege-Konzepte","robots":{"index":"index","follow":"follow","max-snippet":"max-snippet:-1","max-image-preview":"max-image-preview:large","max-video-preview":"max-video-preview:-1"},"canonical":"https:\/\/neue-wege-konzepte.de\/fr_fr\/agb\/","og_locale":"fr_FR","og_type":"article","og_title":"AGB - Neue-Wege-Konzepte","og_description":"Allgemeine Gesch\u00e4ftsbedingungen &#8222;Neue Wege &amp; Konzepte\u201c f\u00fcr G\u00e4stef\u00fchrungen und Wanderungen Bei Buchung einer G\u00e4stef\u00fchrung oder Wanderung (nachfolgend Tour genannt) bei \u201eNeue Wege &amp; Konzepte\u201c gelten die folgenden Allgemeine Gesch\u00e4ftsbedingungen (AGB) Die auf der Homepage www.neue-wege-konzepte.de (im folgenden GF genannt) aufgef\u00fchrten Touren werden auf der Grundlage dieser Allgemeinen Gesch\u00e4ftsbedingungen angeboten und erbracht. Der Dienstvertrag zur Tour [&hellip;]","og_url":"https:\/\/neue-wege-konzepte.de\/fr_fr\/agb\/","og_site_name":"Neue-Wege-Konzepte","article_modified_time":"2024-01-17T15:01:36+00:00","twitter_card":"summary_large_image","twitter_misc":{"Dur\u00e9e de lecture estim\u00e9e":"4 minutes"},"schema":{"@context":"https:\/\/schema.org","@graph":[{"@type":"WebPage","@id":"https:\/\/neue-wege-konzepte.de\/agb\/","url":"https:\/\/neue-wege-konzepte.de\/agb\/","name":"AGB - Neue-Wege-Konzepte","isPartOf":{"@id":"https:\/\/neue-wege-konzepte.de\/#website"},"datePublished":"2023-09-27T15:35:48+00:00","dateModified":"2024-01-17T15:01:36+00:00","breadcrumb":{"@id":"https:\/\/neue-wege-konzepte.de\/agb\/#breadcrumb"},"inLanguage":"fr-FR","potentialAction":[{"@type":"ReadAction","target":["https:\/\/neue-wege-konzepte.de\/agb\/"]}]},{"@type":"BreadcrumbList","@id":"https:\/\/neue-wege-konzepte.de\/agb\/#breadcrumb","itemListElement":[{"@type":"ListItem","position":1,"name":"Startseite","item":"https:\/\/neue-wege-konzepte.de\/"},{"@type":"ListItem","position":2,"name":"AGB"}]},{"@type":"WebSite","@id":"https:\/\/neue-wege-konzepte.de\/#website","url":"https:\/\/neue-wege-konzepte.de\/","name":"Neue-Wege-Konzepte","description":"Wandererlebnisse &amp; City-Touren - S\u00fcdpfalz, Karlsruhe, Elsass","publisher":{"@id":"https:\/\/neue-wege-konzepte.de\/#organization"},"potentialAction":[{"@type":"SearchAction","target":{"@type":"EntryPoint","urlTemplate":"https:\/\/neue-wege-konzepte.de\/?s={search_term_string}"},"query-input":{"@type":"PropertyValueSpecification","valueRequired":true,"valueName":"search_term_string"}}],"inLanguage":"fr-FR"},{"@type":"Organization","@id":"https:\/\/neue-wege-konzepte.de\/#organization","name":"Neue-Wege-Konzepte","url":"https:\/\/neue-wege-konzepte.de\/","logo":{"@type":"ImageObject","inLanguage":"fr-FR","@id":"https:\/\/neue-wege-konzepte.de\/#\/schema\/logo\/image\/","url":"https:\/\/neue-wege-konzepte.de\/wp-content\/uploads\/2024\/05\/cropped-logo-scaled-1.jpg","contentUrl":"https:\/\/neue-wege-konzepte.de\/wp-content\/uploads\/2024\/05\/cropped-logo-scaled-1.jpg","width":2560,"height":730,"caption":"Neue-Wege-Konzepte"},"image":{"@id":"https:\/\/neue-wege-konzepte.de\/#\/schema\/logo\/image\/"}}]}},"_links":{"self":[{"href":"https:\/\/neue-wege-konzepte.de\/fr_fr\/wp-json\/wp\/v2\/pages\/450","targetHints":{"allow":["GET"]}}],"collection":[{"href":"https:\/\/neue-wege-konzepte.de\/fr_fr\/wp-json\/wp\/v2\/pages"}],"about":[{"href":"https:\/\/neue-wege-konzepte.de\/fr_fr\/wp-json\/wp\/v2\/types\/page"}],"author":[{"embeddable":true,"href":"https:\/\/neue-wege-konzepte.de\/fr_fr\/wp-json\/wp\/v2\/users\/1"}],"replies":[{"embeddable":true,"href":"https:\/\/neue-wege-konzepte.de\/fr_fr\/wp-json\/wp\/v2\/comments?post=450"}],"version-history":[{"count":37,"href":"https:\/\/neue-wege-konzepte.de\/fr_fr\/wp-json\/wp\/v2\/pages\/450\/revisions"}],"predecessor-version":[{"id":627,"href":"https:\/\/neue-wege-konzepte.de\/fr_fr\/wp-json\/wp\/v2\/pages\/450\/revisions\/627"}],"wp:attachment":[{"href":"https:\/\/neue-wege-konzepte.de\/fr_fr\/wp-json\/wp\/v2\/media?parent=450"}],"curies":[{"name":"wp","href":"https:\/\/api.w.org\/{rel}","templated":true}]}}