{"id":123,"date":"2023-09-13T12:02:30","date_gmt":"2023-09-13T10:02:30","guid":{"rendered":"https:\/\/blaue-chronik.176-96-136-90.plesk.page\/?page_id=123"},"modified":"2025-05-10T21:02:19","modified_gmt":"2025-05-10T19:02:19","slug":"impressum","status":"publish","type":"page","link":"https:\/\/neue-wege-konzepte.de\/fr_fr\/impressum\/","title":{"rendered":"Impressum"},"content":{"rendered":"<div data-elementor-type=\"wp-page\" data-elementor-id=\"123\" class=\"elementor elementor-123\" data-elementor-post-type=\"page\">\n\t\t\t\t\t\t<section class=\"elementor-section elementor-top-section elementor-element elementor-element-87b45ea elementor-section-height-min-height elementor-section-boxed elementor-section-height-default elementor-section-items-middle\" data-id=\"87b45ea\" data-element_type=\"section\" data-settings=\"{&quot;background_background&quot;:&quot;classic&quot;}\">\n\t\t\t\t\t\t<div class=\"elementor-container elementor-column-gap-default\">\n\t\t\t\t\t<div class=\"elementor-column elementor-col-100 elementor-top-column elementor-element elementor-element-0a821ae\" data-id=\"0a821ae\" data-element_type=\"column\">\n\t\t\t<div class=\"elementor-widget-wrap\">\n\t\t\t\t\t\t\t<\/div>\n\t\t<\/div>\n\t\t\t\t\t<\/div>\n\t\t<\/section>\n\t\t\t\t<section class=\"elementor-section elementor-top-section elementor-element elementor-element-d1660fd elementor-section-full_width elementor-section-height-default elementor-section-height-default\" data-id=\"d1660fd\" data-element_type=\"section\">\n\t\t\t\t\t\t<div class=\"elementor-container elementor-column-gap-default\">\n\t\t\t\t\t<div class=\"elementor-column elementor-col-100 elementor-top-column elementor-element elementor-element-17ba644\" data-id=\"17ba644\" data-element_type=\"column\">\n\t\t\t<div class=\"elementor-widget-wrap elementor-element-populated\">\n\t\t\t\t\t\t<div class=\"elementor-element elementor-element-4589f70 elementor-widget elementor-widget-text-editor\" data-id=\"4589f70\" data-element_type=\"widget\" data-widget_type=\"text-editor.default\">\n\t\t\t\t<div class=\"elementor-widget-container\">\n\t\t\t\t\t\t\t\t\t<h2>Angaben gem\u00e4\u00df \u00a7 5 TMG<\/h2>\n<p><span class=\"s2\">Birgit Mohr<\/span><\/p>\n<p><span class=\"s2\">Zertifizierte G\u00e4stef\u00fchrerin BVGD S\u00fcdpfalz und Stadt Landau<br>Zertifizierte DWV-Wanderf\u00fchrerin \/ Online Redakteurin (IHK)<\/span><span class=\"s2\"><br><\/span><\/p><p><span class=\"s2\">Saarlandstra\u00dfe 31<br><\/span><span class=\"s2\">76187 Karlsruhe<\/span><\/p>\n<h2>Kontakt<\/h2>\n<p>Telefon: +49 1523 1796258<br>E-Mail: birgit@neue-wege-konzepte.de<\/p>\n<h2>Redaktionell verantwortlich<\/h2>\n<p><span class=\"s2\">Birgit Mohr<br><\/span><span class=\"s2\">Saarlandstra\u00dfe 31<br><\/span><span class=\"s2\">76187 Karlsruhe<\/span><\/p>\t\t\t\t\t\t\t\t<\/div>\n\t\t\t\t<\/div>\n\t\t\t\t\t<\/div>\n\t\t<\/div>\n\t\t\t\t\t<\/div>\n\t\t<\/section>\n\t\t\t\t<\/div>","protected":false},"excerpt":{"rendered":"<p>Angaben gem\u00e4\u00df \u00a7 5 TMG Birgit Mohr Zertifizierte G\u00e4stef\u00fchrerin BVGD S\u00fcdpfalz und Stadt LandauZertifizierte DWV-Wanderf\u00fchrerin \/ Online Redakteurin (IHK) Saarlandstra\u00dfe 3176187 Karlsruhe Kontakt Telefon: +49 1523 1796258E-Mail: birgit@neue-wege-konzepte.de Redaktionell verantwortlich Birgit MohrSaarlandstra\u00dfe 3176187 Karlsruhe<\/p>","protected":false},"author":1,"featured_media":0,"parent":0,"menu_order":0,"comment_status":"closed","ping_status":"closed","template":"","meta":{"footnotes":""},"class_list":["post-123","page","type-page","status-publish","hentry"],"yoast_head":"<!-- This site is optimized with the Yoast SEO plugin v26.4 - https:\/\/yoast.com\/wordpress\/plugins\/seo\/ -->\n<title>Impressum - Neue-Wege-Konzepte<\/title>\n<meta name=\"robots\" content=\"index, follow, max-snippet:-1, max-image-preview:large, max-video-preview:-1\" \/>\n<link rel=\"canonical\" href=\"https:\/\/neue-wege-konzepte.de\/fr_fr\/impressum\/\" \/>\n<meta property=\"og:locale\" content=\"fr_FR\" \/>\n<meta property=\"og:type\" content=\"article\" \/>\n<meta property=\"og:title\" content=\"Impressum - Neue-Wege-Konzepte\" \/>\n<meta property=\"og:description\" content=\"Angaben gem\u00e4\u00df \u00a7 5 TMG Birgit Mohr Zertifizierte G\u00e4stef\u00fchrerin BVGD S\u00fcdpfalz und Stadt LandauZertifizierte DWV-Wanderf\u00fchrerin \/ Online Redakteurin (IHK) Saarlandstra\u00dfe 3176187 Karlsruhe Kontakt Telefon: +49 1523 1796258E-Mail: birgit@neue-wege-konzepte.de Redaktionell verantwortlich Birgit MohrSaarlandstra\u00dfe 3176187 Karlsruhe\" \/>\n<meta property=\"og:url\" content=\"https:\/\/neue-wege-konzepte.de\/fr_fr\/impressum\/\" \/>\n<meta property=\"og:site_name\" content=\"Neue-Wege-Konzepte\" \/>\n<meta property=\"article:modified_time\" content=\"2025-05-10T19:02:19+00:00\" \/>\n<meta name=\"twitter:card\" content=\"summary_large_image\" \/>\n<meta name=\"twitter:label1\" content=\"Dur\u00e9e de lecture estim\u00e9e\" \/>\n\t<meta name=\"twitter:data1\" content=\"1 minute\" \/>\n<script type=\"application\/ld+json\" class=\"yoast-schema-graph\">{\"@context\":\"https:\/\/schema.org\",\"@graph\":[{\"@type\":\"WebPage\",\"@id\":\"https:\/\/neue-wege-konzepte.de\/impressum\/\",\"url\":\"https:\/\/neue-wege-konzepte.de\/impressum\/\",\"name\":\"Impressum - Neue-Wege-Konzepte\",\"isPartOf\":{\"@id\":\"https:\/\/neue-wege-konzepte.de\/#website\"},\"datePublished\":\"2023-09-13T10:02:30+00:00\",\"dateModified\":\"2025-05-10T19:02:19+00:00\",\"breadcrumb\":{\"@id\":\"https:\/\/neue-wege-konzepte.de\/impressum\/#breadcrumb\"},\"inLanguage\":\"fr-FR\",\"potentialAction\":[{\"@type\":\"ReadAction\",\"target\":[\"https:\/\/neue-wege-konzepte.de\/impressum\/\"]}]},{\"@type\":\"BreadcrumbList\",\"@id\":\"https:\/\/neue-wege-konzepte.de\/impressum\/#breadcrumb\",\"itemListElement\":[{\"@type\":\"ListItem\",\"position\":1,\"name\":\"Startseite\",\"item\":\"https:\/\/neue-wege-konzepte.de\/\"},{\"@type\":\"ListItem\",\"position\":2,\"name\":\"Impressum\"}]},{\"@type\":\"WebSite\",\"@id\":\"https:\/\/neue-wege-konzepte.de\/#website\",\"url\":\"https:\/\/neue-wege-konzepte.de\/\",\"name\":\"Neue-Wege-Konzepte\",\"description\":\"Wandererlebnisse &amp; City-Touren - S\u00fcdpfalz, Karlsruhe, Elsass\",\"publisher\":{\"@id\":\"https:\/\/neue-wege-konzepte.de\/#organization\"},\"potentialAction\":[{\"@type\":\"SearchAction\",\"target\":{\"@type\":\"EntryPoint\",\"urlTemplate\":\"https:\/\/neue-wege-konzepte.de\/?s={search_term_string}\"},\"query-input\":{\"@type\":\"PropertyValueSpecification\",\"valueRequired\":true,\"valueName\":\"search_term_string\"}}],\"inLanguage\":\"fr-FR\"},{\"@type\":\"Organization\",\"@id\":\"https:\/\/neue-wege-konzepte.de\/#organization\",\"name\":\"Neue-Wege-Konzepte\",\"url\":\"https:\/\/neue-wege-konzepte.de\/\",\"logo\":{\"@type\":\"ImageObject\",\"inLanguage\":\"fr-FR\",\"@id\":\"https:\/\/neue-wege-konzepte.de\/#\/schema\/logo\/image\/\",\"url\":\"https:\/\/neue-wege-konzepte.de\/wp-content\/uploads\/2024\/05\/cropped-logo-scaled-1.jpg\",\"contentUrl\":\"https:\/\/neue-wege-konzepte.de\/wp-content\/uploads\/2024\/05\/cropped-logo-scaled-1.jpg\",\"width\":2560,\"height\":730,\"caption\":\"Neue-Wege-Konzepte\"},\"image\":{\"@id\":\"https:\/\/neue-wege-konzepte.de\/#\/schema\/logo\/image\/\"}}]}<\/script>\n<!-- \/ Yoast SEO plugin. -->","yoast_head_json":{"title":"Impressum - Neue-Wege-Konzepte","robots":{"index":"index","follow":"follow","max-snippet":"max-snippet:-1","max-image-preview":"max-image-preview:large","max-video-preview":"max-video-preview:-1"},"canonical":"https:\/\/neue-wege-konzepte.de\/fr_fr\/impressum\/","og_locale":"fr_FR","og_type":"article","og_title":"Impressum - Neue-Wege-Konzepte","og_description":"Angaben gem\u00e4\u00df \u00a7 5 TMG Birgit Mohr Zertifizierte G\u00e4stef\u00fchrerin BVGD S\u00fcdpfalz und Stadt LandauZertifizierte DWV-Wanderf\u00fchrerin \/ Online Redakteurin (IHK) Saarlandstra\u00dfe 3176187 Karlsruhe Kontakt Telefon: +49 1523 1796258E-Mail: birgit@neue-wege-konzepte.de Redaktionell verantwortlich Birgit MohrSaarlandstra\u00dfe 3176187 Karlsruhe","og_url":"https:\/\/neue-wege-konzepte.de\/fr_fr\/impressum\/","og_site_name":"Neue-Wege-Konzepte","article_modified_time":"2025-05-10T19:02:19+00:00","twitter_card":"summary_large_image","twitter_misc":{"Dur\u00e9e de lecture estim\u00e9e":"1 minute"},"schema":{"@context":"https:\/\/schema.org","@graph":[{"@type":"WebPage","@id":"https:\/\/neue-wege-konzepte.de\/impressum\/","url":"https:\/\/neue-wege-konzepte.de\/impressum\/","name":"Impressum - Neue-Wege-Konzepte","isPartOf":{"@id":"https:\/\/neue-wege-konzepte.de\/#website"},"datePublished":"2023-09-13T10:02:30+00:00","dateModified":"2025-05-10T19:02:19+00:00","breadcrumb":{"@id":"https:\/\/neue-wege-konzepte.de\/impressum\/#breadcrumb"},"inLanguage":"fr-FR","potentialAction":[{"@type":"ReadAction","target":["https:\/\/neue-wege-konzepte.de\/impressum\/"]}]},{"@type":"BreadcrumbList","@id":"https:\/\/neue-wege-konzepte.de\/impressum\/#breadcrumb","itemListElement":[{"@type":"ListItem","position":1,"name":"Startseite","item":"https:\/\/neue-wege-konzepte.de\/"},{"@type":"ListItem","position":2,"name":"Impressum"}]},{"@type":"WebSite","@id":"https:\/\/neue-wege-konzepte.de\/#website","url":"https:\/\/neue-wege-konzepte.de\/","name":"Neue-Wege-Konzepte","description":"Wandererlebnisse &amp; City-Touren - S\u00fcdpfalz, Karlsruhe, Elsass","publisher":{"@id":"https:\/\/neue-wege-konzepte.de\/#organization"},"potentialAction":[{"@type":"SearchAction","target":{"@type":"EntryPoint","urlTemplate":"https:\/\/neue-wege-konzepte.de\/?s={search_term_string}"},"query-input":{"@type":"PropertyValueSpecification","valueRequired":true,"valueName":"search_term_string"}}],"inLanguage":"fr-FR"},{"@type":"Organization","@id":"https:\/\/neue-wege-konzepte.de\/#organization","name":"Neue-Wege-Konzepte","url":"https:\/\/neue-wege-konzepte.de\/","logo":{"@type":"ImageObject","inLanguage":"fr-FR","@id":"https:\/\/neue-wege-konzepte.de\/#\/schema\/logo\/image\/","url":"https:\/\/neue-wege-konzepte.de\/wp-content\/uploads\/2024\/05\/cropped-logo-scaled-1.jpg","contentUrl":"https:\/\/neue-wege-konzepte.de\/wp-content\/uploads\/2024\/05\/cropped-logo-scaled-1.jpg","width":2560,"height":730,"caption":"Neue-Wege-Konzepte"},"image":{"@id":"https:\/\/neue-wege-konzepte.de\/#\/schema\/logo\/image\/"}}]}},"_links":{"self":[{"href":"https:\/\/neue-wege-konzepte.de\/fr_fr\/wp-json\/wp\/v2\/pages\/123","targetHints":{"allow":["GET"]}}],"collection":[{"href":"https:\/\/neue-wege-konzepte.de\/fr_fr\/wp-json\/wp\/v2\/pages"}],"about":[{"href":"https:\/\/neue-wege-konzepte.de\/fr_fr\/wp-json\/wp\/v2\/types\/page"}],"author":[{"embeddable":true,"href":"https:\/\/neue-wege-konzepte.de\/fr_fr\/wp-json\/wp\/v2\/users\/1"}],"replies":[{"embeddable":true,"href":"https:\/\/neue-wege-konzepte.de\/fr_fr\/wp-json\/wp\/v2\/comments?post=123"}],"version-history":[{"count":13,"href":"https:\/\/neue-wege-konzepte.de\/fr_fr\/wp-json\/wp\/v2\/pages\/123\/revisions"}],"predecessor-version":[{"id":1100,"href":"https:\/\/neue-wege-konzepte.de\/fr_fr\/wp-json\/wp\/v2\/pages\/123\/revisions\/1100"}],"wp:attachment":[{"href":"https:\/\/neue-wege-konzepte.de\/fr_fr\/wp-json\/wp\/v2\/media?parent=123"}],"curies":[{"name":"wp","href":"https:\/\/api.w.org\/{rel}","templated":true}]}}